{"id":7059,"date":"2021-05-21T16:18:26","date_gmt":"2021-05-21T16:18:26","guid":{"rendered":"https:\/\/www.eperfil.pt\/cravacao\/"},"modified":"2024-03-13T15:12:11","modified_gmt":"2024-03-13T15:12:11","slug":"moletage","status":"publish","type":"page","link":"https:\/\/www.eperfil.pt\/fr\/moletage\/","title":{"rendered":"Moletage"},"content":{"rendered":"\t\t<div data-elementor-type=\"wp-page\" data-elementor-id=\"7059\" class=\"elementor elementor-7059 elementor-1289\">\n\t\t\t\t\t\t<section class=\"elementor-section elementor-top-section elementor-element elementor-element-d1d4de6 elementor-section-full_width elementor-section-height-min-height elementor-section-items-stretch elementor-section-height-default\" data-id=\"d1d4de6\" data-element_type=\"section\" data-e-type=\"section\" data-settings=\"{&quot;jet_parallax_layout_list&quot;:[{&quot;jet_parallax_layout_image&quot;:{&quot;url&quot;:&quot;&quot;,&quot;id&quot;:&quot;&quot;,&quot;size&quot;:&quot;&quot;},&quot;_id&quot;:&quot;b779d70&quot;,&quot;jet_parallax_layout_speed&quot;:{&quot;unit&quot;:&quot;%&quot;,&quot;size&quot;:&quot;50&quot;,&quot;sizes&quot;:[]},&quot;jet_parallax_layout_bg_x&quot;:&quot;50&quot;,&quot;jet_parallax_layout_bg_y&quot;:&quot;50&quot;,&quot;jet_parallax_layout_image_tablet&quot;:{&quot;url&quot;:&quot;&quot;,&quot;id&quot;:&quot;&quot;,&quot;size&quot;:&quot;&quot;},&quot;jet_parallax_layout_image_mobile&quot;:{&quot;url&quot;:&quot;&quot;,&quot;id&quot;:&quot;&quot;,&quot;size&quot;:&quot;&quot;},&quot;jet_parallax_layout_type&quot;:&quot;scroll&quot;,&quot;jet_parallax_layout_direction&quot;:&quot;1&quot;,&quot;jet_parallax_layout_fx_direction&quot;:null,&quot;jet_parallax_layout_z_index&quot;:&quot;&quot;,&quot;jet_parallax_layout_bg_x_tablet&quot;:&quot;&quot;,&quot;jet_parallax_layout_bg_x_mobile&quot;:&quot;&quot;,&quot;jet_parallax_layout_bg_y_tablet&quot;:&quot;&quot;,&quot;jet_parallax_layout_bg_y_mobile&quot;:&quot;&quot;,&quot;jet_parallax_layout_bg_size&quot;:&quot;auto&quot;,&quot;jet_parallax_layout_bg_size_tablet&quot;:&quot;&quot;,&quot;jet_parallax_layout_bg_size_mobile&quot;:&quot;&quot;,&quot;jet_parallax_layout_animation_prop&quot;:&quot;transform&quot;,&quot;jet_parallax_layout_on&quot;:[&quot;desktop&quot;,&quot;tablet&quot;]}]}\">\n\t\t\t\t\t\t<div class=\"elementor-container elementor-column-gap-default\">\n\t\t\t\t\t<div class=\"elementor-column elementor-col-50 elementor-top-column elementor-element elementor-element-ebf0c1c\" data-id=\"ebf0c1c\" data-element_type=\"column\" data-e-type=\"column\" data-settings=\"{&quot;background_background&quot;:&quot;classic&quot;}\">\n\t\t\t<div class=\"elementor-widget-wrap\">\n\t\t\t\t\t\t\t<\/div>\n\t\t<\/div>\n\t\t\t\t<div class=\"elementor-column elementor-col-50 elementor-top-column elementor-element elementor-element-de6f33c\" data-id=\"de6f33c\" data-element_type=\"column\" data-e-type=\"column\" data-settings=\"{&quot;background_background&quot;:&quot;classic&quot;}\">\n\t\t\t<div class=\"elementor-widget-wrap\">\n\t\t\t\t\t\t\t<\/div>\n\t\t<\/div>\n\t\t\t\t\t<\/div>\n\t\t<\/section>\n\t\t\t\t<section class=\"elementor-section elementor-top-section elementor-element elementor-element-540de35 elementor-section-full_width elementor-section-height-min-height elementor-section-items-stretch elementor-section-height-default\" data-id=\"540de35\" data-element_type=\"section\" data-e-type=\"section\" data-settings=\"{&quot;jet_parallax_layout_list&quot;:[{&quot;jet_parallax_layout_image&quot;:{&quot;url&quot;:&quot;&quot;,&quot;id&quot;:&quot;&quot;,&quot;size&quot;:&quot;&quot;},&quot;_id&quot;:&quot;f0ee698&quot;,&quot;jet_parallax_layout_speed&quot;:{&quot;unit&quot;:&quot;%&quot;,&quot;size&quot;:&quot;50&quot;,&quot;sizes&quot;:[]},&quot;jet_parallax_layout_bg_x&quot;:&quot;50&quot;,&quot;jet_parallax_layout_bg_y&quot;:&quot;50&quot;,&quot;jet_parallax_layout_image_tablet&quot;:{&quot;url&quot;:&quot;&quot;,&quot;id&quot;:&quot;&quot;,&quot;size&quot;:&quot;&quot;},&quot;jet_parallax_layout_image_mobile&quot;:{&quot;url&quot;:&quot;&quot;,&quot;id&quot;:&quot;&quot;,&quot;size&quot;:&quot;&quot;},&quot;jet_parallax_layout_type&quot;:&quot;scroll&quot;,&quot;jet_parallax_layout_direction&quot;:&quot;1&quot;,&quot;jet_parallax_layout_fx_direction&quot;:null,&quot;jet_parallax_layout_z_index&quot;:&quot;&quot;,&quot;jet_parallax_layout_bg_x_tablet&quot;:&quot;&quot;,&quot;jet_parallax_layout_bg_x_mobile&quot;:&quot;&quot;,&quot;jet_parallax_layout_bg_y_tablet&quot;:&quot;&quot;,&quot;jet_parallax_layout_bg_y_mobile&quot;:&quot;&quot;,&quot;jet_parallax_layout_bg_size&quot;:&quot;auto&quot;,&quot;jet_parallax_layout_bg_size_tablet&quot;:&quot;&quot;,&quot;jet_parallax_layout_bg_size_mobile&quot;:&quot;&quot;,&quot;jet_parallax_layout_animation_prop&quot;:&quot;transform&quot;,&quot;jet_parallax_layout_on&quot;:[&quot;desktop&quot;,&quot;tablet&quot;]}]}\">\n\t\t\t\t\t\t<div class=\"elementor-container elementor-column-gap-default\">\n\t\t\t\t\t<div class=\"elementor-column elementor-col-100 elementor-top-column elementor-element elementor-element-5099844\" data-id=\"5099844\" data-element_type=\"column\" data-e-type=\"column\" data-settings=\"{&quot;background_background&quot;:&quot;classic&quot;}\">\n\t\t\t<div class=\"elementor-widget-wrap elementor-element-populated\">\n\t\t\t\t\t<div class=\"elementor-background-overlay\"><\/div>\n\t\t\t\t\t\t\t<\/div>\n\t\t<\/div>\n\t\t\t\t\t<\/div>\n\t\t<\/section>\n\t\t\t\t<section class=\"elementor-section elementor-top-section elementor-element elementor-element-44930c1 elementor-section-boxed elementor-section-height-default elementor-section-height-default\" data-id=\"44930c1\" data-element_type=\"section\" data-e-type=\"section\" data-settings=\"{&quot;jet_parallax_layout_list&quot;:[{&quot;jet_parallax_layout_image&quot;:{&quot;url&quot;:&quot;&quot;,&quot;id&quot;:&quot;&quot;,&quot;size&quot;:&quot;&quot;},&quot;_id&quot;:&quot;8797108&quot;,&quot;jet_parallax_layout_image_tablet&quot;:{&quot;url&quot;:&quot;&quot;,&quot;id&quot;:&quot;&quot;,&quot;size&quot;:&quot;&quot;},&quot;jet_parallax_layout_image_mobile&quot;:{&quot;url&quot;:&quot;&quot;,&quot;id&quot;:&quot;&quot;,&quot;size&quot;:&quot;&quot;},&quot;jet_parallax_layout_speed&quot;:{&quot;unit&quot;:&quot;%&quot;,&quot;size&quot;:50,&quot;sizes&quot;:[]},&quot;jet_parallax_layout_type&quot;:&quot;scroll&quot;,&quot;jet_parallax_layout_direction&quot;:&quot;1&quot;,&quot;jet_parallax_layout_fx_direction&quot;:null,&quot;jet_parallax_layout_z_index&quot;:&quot;&quot;,&quot;jet_parallax_layout_bg_x&quot;:50,&quot;jet_parallax_layout_bg_x_tablet&quot;:&quot;&quot;,&quot;jet_parallax_layout_bg_x_mobile&quot;:&quot;&quot;,&quot;jet_parallax_layout_bg_y&quot;:50,&quot;jet_parallax_layout_bg_y_tablet&quot;:&quot;&quot;,&quot;jet_parallax_layout_bg_y_mobile&quot;:&quot;&quot;,&quot;jet_parallax_layout_bg_size&quot;:&quot;auto&quot;,&quot;jet_parallax_layout_bg_size_tablet&quot;:&quot;&quot;,&quot;jet_parallax_layout_bg_size_mobile&quot;:&quot;&quot;,&quot;jet_parallax_layout_animation_prop&quot;:&quot;transform&quot;,&quot;jet_parallax_layout_on&quot;:[&quot;desktop&quot;,&quot;tablet&quot;]}]}\">\n\t\t\t\t\t\t<div class=\"elementor-container elementor-column-gap-default\">\n\t\t\t\t\t<div class=\"elementor-column elementor-col-100 elementor-top-column elementor-element elementor-element-1cb6adb\" data-id=\"1cb6adb\" data-element_type=\"column\" data-e-type=\"column\">\n\t\t\t<div class=\"elementor-widget-wrap elementor-element-populated\">\n\t\t\t\t\t\t<div class=\"elementor-element elementor-element-7a686bc elementor-align-left elementor-widget elementor-widget-raven-breadcrumbs\" data-id=\"7a686bc\" data-element_type=\"widget\" data-e-type=\"widget\" data-widget_type=\"raven-breadcrumbs.default\">\n\t\t\t\t<div class=\"elementor-widget-container\">\n\t\t\t\t\t<div class=\"raven-breadcrumbs raven-breadcrumbs-default\"><div class=\"breadcrumb\">\t\t\t\t\t\t\t\t<div class=\"breadcrumb-item active\" aria-current=\"page\"><span>Home<\/span><\/div>\n\n\t\t\t\t<\/div><\/div>\t\t\t\t<\/div>\n\t\t\t\t<\/div>\n\t\t\t\t\t<\/div>\n\t\t<\/div>\n\t\t\t\t\t<\/div>\n\t\t<\/section>\n\t\t\t\t<section class=\"elementor-section elementor-top-section elementor-element elementor-element-0cd2b0f elementor-section-boxed elementor-section-height-default elementor-section-height-default\" data-id=\"0cd2b0f\" data-element_type=\"section\" data-e-type=\"section\" data-settings=\"{&quot;jet_parallax_layout_list&quot;:[{&quot;jet_parallax_layout_image&quot;:{&quot;url&quot;:&quot;&quot;,&quot;id&quot;:&quot;&quot;,&quot;size&quot;:&quot;&quot;},&quot;_id&quot;:&quot;bf79e06&quot;,&quot;jet_parallax_layout_speed&quot;:{&quot;unit&quot;:&quot;%&quot;,&quot;size&quot;:&quot;50&quot;,&quot;sizes&quot;:[]},&quot;jet_parallax_layout_bg_x&quot;:&quot;50&quot;,&quot;jet_parallax_layout_bg_y&quot;:&quot;50&quot;,&quot;jet_parallax_layout_image_tablet&quot;:{&quot;url&quot;:&quot;&quot;,&quot;id&quot;:&quot;&quot;,&quot;size&quot;:&quot;&quot;},&quot;jet_parallax_layout_image_mobile&quot;:{&quot;url&quot;:&quot;&quot;,&quot;id&quot;:&quot;&quot;,&quot;size&quot;:&quot;&quot;},&quot;jet_parallax_layout_type&quot;:&quot;scroll&quot;,&quot;jet_parallax_layout_direction&quot;:&quot;1&quot;,&quot;jet_parallax_layout_fx_direction&quot;:null,&quot;jet_parallax_layout_z_index&quot;:&quot;&quot;,&quot;jet_parallax_layout_bg_x_tablet&quot;:&quot;&quot;,&quot;jet_parallax_layout_bg_x_mobile&quot;:&quot;&quot;,&quot;jet_parallax_layout_bg_y_tablet&quot;:&quot;&quot;,&quot;jet_parallax_layout_bg_y_mobile&quot;:&quot;&quot;,&quot;jet_parallax_layout_bg_size&quot;:&quot;auto&quot;,&quot;jet_parallax_layout_bg_size_tablet&quot;:&quot;&quot;,&quot;jet_parallax_layout_bg_size_mobile&quot;:&quot;&quot;,&quot;jet_parallax_layout_animation_prop&quot;:&quot;transform&quot;,&quot;jet_parallax_layout_on&quot;:[&quot;desktop&quot;,&quot;tablet&quot;]}]}\">\n\t\t\t\t\t\t<div class=\"elementor-container elementor-column-gap-default\">\n\t\t\t\t\t<div class=\"elementor-column elementor-col-100 elementor-top-column elementor-element elementor-element-08326f7\" data-id=\"08326f7\" data-element_type=\"column\" data-e-type=\"column\">\n\t\t\t<div class=\"elementor-widget-wrap elementor-element-populated\">\n\t\t\t\t\t\t<div class=\"elementor-element elementor-element-01f1982 elementor-widget elementor-widget-heading\" data-id=\"01f1982\" data-element_type=\"widget\" data-e-type=\"widget\" data-widget_type=\"heading.default\">\n\t\t\t\t<div class=\"elementor-widget-container\">\n\t\t\t\t\t<h1 class=\"elementor-heading-title elementor-size-default\">Moletage<\/h1>\t\t\t\t<\/div>\n\t\t\t\t<\/div>\n\t\t\t\t<div class=\"elementor-element elementor-element-2ecc5ff elementor-widget elementor-widget-text-editor\" data-id=\"2ecc5ff\" data-element_type=\"widget\" data-e-type=\"widget\" data-widget_type=\"text-editor.default\">\n\t\t\t\t<div class=\"elementor-widget-container\">\n\t\t\t\t\t\t\t\t\t<p>La technologie utilis\u00e9e dans notre processus de moletage produit des profil\u00e9s \u00e0 rupture thermique qui am\u00e9liorent les performances \u00e9nerg\u00e9tiques et acoustiques. L&rsquo;arr\u00eat de la conductivit\u00e9 thermique \u00e9lev\u00e9e de l&rsquo;aluminium am\u00e9liore consid\u00e9rablement le confort de l&rsquo;habitation et permet d&rsquo;\u00e9conomiser de l&rsquo;argent.<\/p><p>La jonction de deux ou plusieurs profil\u00e9s \u00e0 l&rsquo;aide d&rsquo;un polyamide, qui peut \u00e9galement \u00eatre renforc\u00e9 par du mastic entre les profil\u00e9s, est la caract\u00e9ristique de ce service d&rsquo;assemblage. Il peut \u00eatre utilis\u00e9 pour les profil\u00e9s bruts, laqu\u00e9s, anodis\u00e9s ou avec d&rsquo;autres finitions.<\/p><p>Cette technologie permet de cr\u00e9er des structures dont la couleur int\u00e9rieure est diff\u00e9rente de la couleur ext\u00e9rieure, ce qui a des avantages esth\u00e9tiques.<\/p>\t\t\t\t\t\t\t\t<\/div>\n\t\t\t\t<\/div>\n\t\t\t\t<div class=\"elementor-element elementor-element-2af3a2cf elementor-mobile-align-center elementor-align-center elementor-widget elementor-widget-raven-button\" data-id=\"2af3a2cf\" data-element_type=\"widget\" data-e-type=\"widget\" data-settings=\"{&quot;turn_to_popup_action_button&quot;:&quot;no&quot;}\" data-widget_type=\"raven-button.default\">\n\t\t\t\t<div class=\"elementor-widget-container\">\n\t\t\t\t\t\t\t<div class=\"raven-widget-wrapper\">\n\t\t\t<a class=\"raven-button raven-button-widget-normal-effect-none  raven-button-text-align-center raven-button-link elementor-animation-none\" href=\"https:\/\/www.eperfil.pt\/fr\/contacts\/\">\t\t\t\t<div class=\"raven-button-overlay\" ><\/div>\n\t\t\t\t<span class=\"raven-button-content\">\n\t\t\t\t\t\n\t\t\t\t\t<div class=\"button-text-container\">\n\t\t\t\t\t\t\t\t\t\t\t\t<div class=\"raven-button-texts-wrapper\">\n\t\t\t\t\t\t\t<div class=\"button-text\">\n\t\t\t\t\t\t\t\t<span class=\"raven-button-text\">\n\t\t\t\t\t\t\t\t\tPlus d'informations\t\t\t\t\t\t\t\t<\/span>\n\t\t\t\t\t\t\t<\/div>\n\t\t\t\t\t\t\t\t\t\t\t\t\t<\/div>\n\t\t\t\t\t\t\t\t\t\t\t<\/div>\n\t\t\t\t\t\n\t\t\t\t\t\t\t\t\t<\/span>\n\t\t\t<\/a>\t\t<\/div>\n\t\t\t\t\t\t<\/div>\n\t\t\t\t<\/div>\n\t\t\t\t\t<\/div>\n\t\t<\/div>\n\t\t\t\t\t<\/div>\n\t\t<\/section>\n\t\t\t\t<\/div>\n\t\t","protected":false},"excerpt":{"rendered":"<p>Home Moletage La technologie utilis\u00e9e dans notre processus de moletage produit des profil\u00e9s \u00e0 rupture thermique qui am\u00e9liorent les performances \u00e9nerg\u00e9tiques et acoustiques. L&rsquo;arr\u00eat de la conductivit\u00e9 thermique \u00e9lev\u00e9e de l&rsquo;aluminium am\u00e9liore consid\u00e9rablement le confort de l&rsquo;habitation et permet d&rsquo;\u00e9conomiser de l&rsquo;argent. La jonction de deux ou plusieurs profil\u00e9s \u00e0 l&rsquo;aide d&rsquo;un polyamide, qui peut [&hellip;]<\/p>\n","protected":false},"author":1,"featured_media":0,"parent":0,"menu_order":0,"comment_status":"closed","ping_status":"closed","template":"elementor_header_footer","meta":{"_acf_changed":false,"footnotes":""},"class_list":["post-7059","page","type-page","status-publish","hentry"],"acf":[],"yoast_head":"<!-- This site is optimized with the Yoast SEO plugin v27.5 - https:\/\/yoast.com\/product\/yoast-seo-wordpress\/ -->\n<title>Moletage - E+Perfil | Syst\u00e8mes d&#039;aluminium intelligents<\/title>\n<meta name=\"description\" content=\"Les profil\u00e9s \u00e0 rupture thermique cr\u00e9\u00e9s par la technologie utilis\u00e9e dans notre processus de moletage am\u00e9liorent les performances \u00e9nerg\u00e9tiques et acoustiques.\" \/>\n<meta name=\"robots\" content=\"index, follow, max-snippet:-1, max-image-preview:large, max-video-preview:-1\" \/>\n<link rel=\"canonical\" href=\"https:\/\/www.eperfil.pt\/fr\/moletage\/\" \/>\n<meta property=\"og:locale\" content=\"fr_FR\" \/>\n<meta property=\"og:type\" content=\"article\" \/>\n<meta property=\"og:title\" content=\"Moletage - E+Perfil | Syst\u00e8mes d&#039;aluminium intelligents\" \/>\n<meta property=\"og:description\" content=\"Les profil\u00e9s \u00e0 rupture thermique cr\u00e9\u00e9s par la technologie utilis\u00e9e dans notre processus de moletage am\u00e9liorent les performances \u00e9nerg\u00e9tiques et acoustiques.\" \/>\n<meta property=\"og:url\" content=\"https:\/\/www.eperfil.pt\/fr\/moletage\/\" \/>\n<meta property=\"og:site_name\" content=\"ePerfil\" \/>\n<meta property=\"article:modified_time\" content=\"2024-03-13T15:12:11+00:00\" \/>\n<meta property=\"og:image\" content=\"https:\/\/www.eperfil.pt\/wp-content\/uploads\/2021\/06\/Ophengraph.jpg\" \/>\n\t<meta property=\"og:image:width\" content=\"1200\" \/>\n\t<meta property=\"og:image:height\" content=\"630\" \/>\n\t<meta property=\"og:image:type\" content=\"image\/jpeg\" \/>\n<meta name=\"twitter:card\" content=\"summary_large_image\" \/>\n<meta name=\"twitter:label1\" content=\"Dur\u00e9e de lecture estim\u00e9e\" \/>\n\t<meta name=\"twitter:data1\" content=\"1 minute\" \/>\n<script type=\"application\/ld+json\" class=\"yoast-schema-graph\">{\"@context\":\"https:\\\/\\\/schema.org\",\"@graph\":[{\"@type\":\"WebPage\",\"@id\":\"https:\\\/\\\/www.eperfil.pt\\\/fr\\\/moletage\\\/\",\"url\":\"https:\\\/\\\/www.eperfil.pt\\\/fr\\\/moletage\\\/\",\"name\":\"Moletage - E+Perfil | Syst\u00e8mes d'aluminium intelligents\",\"isPartOf\":{\"@id\":\"https:\\\/\\\/www.eperfil.pt\\\/#website\"},\"datePublished\":\"2021-05-21T16:18:26+00:00\",\"dateModified\":\"2024-03-13T15:12:11+00:00\",\"description\":\"Les profil\u00e9s \u00e0 rupture thermique cr\u00e9\u00e9s par la technologie utilis\u00e9e dans notre processus de moletage am\u00e9liorent les performances \u00e9nerg\u00e9tiques et acoustiques.\",\"breadcrumb\":{\"@id\":\"https:\\\/\\\/www.eperfil.pt\\\/fr\\\/moletage\\\/#breadcrumb\"},\"inLanguage\":\"fr-FR\",\"potentialAction\":[{\"@type\":\"ReadAction\",\"target\":[\"https:\\\/\\\/www.eperfil.pt\\\/fr\\\/moletage\\\/\"]}]},{\"@type\":\"BreadcrumbList\",\"@id\":\"https:\\\/\\\/www.eperfil.pt\\\/fr\\\/moletage\\\/#breadcrumb\",\"itemListElement\":[{\"@type\":\"ListItem\",\"position\":1,\"name\":\"In\u00edcio\",\"item\":\"https:\\\/\\\/www.eperfil.pt\\\/fr\\\/\"},{\"@type\":\"ListItem\",\"position\":2,\"name\":\"Moletage\"}]},{\"@type\":\"WebSite\",\"@id\":\"https:\\\/\\\/www.eperfil.pt\\\/#website\",\"url\":\"https:\\\/\\\/www.eperfil.pt\\\/\",\"name\":\"ePerfil\",\"description\":\"Sistemas Inteligentes em Alum\u00ednio\",\"publisher\":{\"@id\":\"https:\\\/\\\/www.eperfil.pt\\\/#organization\"},\"potentialAction\":[{\"@type\":\"SearchAction\",\"target\":{\"@type\":\"EntryPoint\",\"urlTemplate\":\"https:\\\/\\\/www.eperfil.pt\\\/?s={search_term_string}\"},\"query-input\":{\"@type\":\"PropertyValueSpecification\",\"valueRequired\":true,\"valueName\":\"search_term_string\"}}],\"inLanguage\":\"fr-FR\"},{\"@type\":\"Organization\",\"@id\":\"https:\\\/\\\/www.eperfil.pt\\\/#organization\",\"name\":\"ePerfil\",\"url\":\"https:\\\/\\\/www.eperfil.pt\\\/\",\"logo\":{\"@type\":\"ImageObject\",\"inLanguage\":\"fr-FR\",\"@id\":\"https:\\\/\\\/www.eperfil.pt\\\/#\\\/schema\\\/logo\\\/image\\\/\",\"url\":\"https:\\\/\\\/www.eperfil.pt\\\/wp-content\\\/uploads\\\/2021\\\/05\\\/ePerfil_logo.svg\",\"contentUrl\":\"https:\\\/\\\/www.eperfil.pt\\\/wp-content\\\/uploads\\\/2021\\\/05\\\/ePerfil_logo.svg\",\"width\":256,\"height\":93,\"caption\":\"ePerfil\"},\"image\":{\"@id\":\"https:\\\/\\\/www.eperfil.pt\\\/#\\\/schema\\\/logo\\\/image\\\/\"}}]}<\/script>\n<!-- \/ Yoast SEO plugin. -->","yoast_head_json":{"title":"Moletage - E+Perfil | Syst\u00e8mes d'aluminium intelligents","description":"Les profil\u00e9s \u00e0 rupture thermique cr\u00e9\u00e9s par la technologie utilis\u00e9e dans notre processus de moletage am\u00e9liorent les performances \u00e9nerg\u00e9tiques et acoustiques.","robots":{"index":"index","follow":"follow","max-snippet":"max-snippet:-1","max-image-preview":"max-image-preview:large","max-video-preview":"max-video-preview:-1"},"canonical":"https:\/\/www.eperfil.pt\/fr\/moletage\/","og_locale":"fr_FR","og_type":"article","og_title":"Moletage - E+Perfil | Syst\u00e8mes d'aluminium intelligents","og_description":"Les profil\u00e9s \u00e0 rupture thermique cr\u00e9\u00e9s par la technologie utilis\u00e9e dans notre processus de moletage am\u00e9liorent les performances \u00e9nerg\u00e9tiques et acoustiques.","og_url":"https:\/\/www.eperfil.pt\/fr\/moletage\/","og_site_name":"ePerfil","article_modified_time":"2024-03-13T15:12:11+00:00","og_image":[{"width":1200,"height":630,"url":"https:\/\/www.eperfil.pt\/wp-content\/uploads\/2021\/06\/Ophengraph.jpg","type":"image\/jpeg"}],"twitter_card":"summary_large_image","twitter_misc":{"Dur\u00e9e de lecture estim\u00e9e":"1 minute"},"schema":{"@context":"https:\/\/schema.org","@graph":[{"@type":"WebPage","@id":"https:\/\/www.eperfil.pt\/fr\/moletage\/","url":"https:\/\/www.eperfil.pt\/fr\/moletage\/","name":"Moletage - E+Perfil | Syst\u00e8mes d'aluminium intelligents","isPartOf":{"@id":"https:\/\/www.eperfil.pt\/#website"},"datePublished":"2021-05-21T16:18:26+00:00","dateModified":"2024-03-13T15:12:11+00:00","description":"Les profil\u00e9s \u00e0 rupture thermique cr\u00e9\u00e9s par la technologie utilis\u00e9e dans notre processus de moletage am\u00e9liorent les performances \u00e9nerg\u00e9tiques et acoustiques.","breadcrumb":{"@id":"https:\/\/www.eperfil.pt\/fr\/moletage\/#breadcrumb"},"inLanguage":"fr-FR","potentialAction":[{"@type":"ReadAction","target":["https:\/\/www.eperfil.pt\/fr\/moletage\/"]}]},{"@type":"BreadcrumbList","@id":"https:\/\/www.eperfil.pt\/fr\/moletage\/#breadcrumb","itemListElement":[{"@type":"ListItem","position":1,"name":"In\u00edcio","item":"https:\/\/www.eperfil.pt\/fr\/"},{"@type":"ListItem","position":2,"name":"Moletage"}]},{"@type":"WebSite","@id":"https:\/\/www.eperfil.pt\/#website","url":"https:\/\/www.eperfil.pt\/","name":"ePerfil","description":"Sistemas Inteligentes em Alum\u00ednio","publisher":{"@id":"https:\/\/www.eperfil.pt\/#organization"},"potentialAction":[{"@type":"SearchAction","target":{"@type":"EntryPoint","urlTemplate":"https:\/\/www.eperfil.pt\/?s={search_term_string}"},"query-input":{"@type":"PropertyValueSpecification","valueRequired":true,"valueName":"search_term_string"}}],"inLanguage":"fr-FR"},{"@type":"Organization","@id":"https:\/\/www.eperfil.pt\/#organization","name":"ePerfil","url":"https:\/\/www.eperfil.pt\/","logo":{"@type":"ImageObject","inLanguage":"fr-FR","@id":"https:\/\/www.eperfil.pt\/#\/schema\/logo\/image\/","url":"https:\/\/www.eperfil.pt\/wp-content\/uploads\/2021\/05\/ePerfil_logo.svg","contentUrl":"https:\/\/www.eperfil.pt\/wp-content\/uploads\/2021\/05\/ePerfil_logo.svg","width":256,"height":93,"caption":"ePerfil"},"image":{"@id":"https:\/\/www.eperfil.pt\/#\/schema\/logo\/image\/"}}]}},"_links":{"self":[{"href":"https:\/\/www.eperfil.pt\/fr\/wp-json\/wp\/v2\/pages\/7059","targetHints":{"allow":["GET"]}}],"collection":[{"href":"https:\/\/www.eperfil.pt\/fr\/wp-json\/wp\/v2\/pages"}],"about":[{"href":"https:\/\/www.eperfil.pt\/fr\/wp-json\/wp\/v2\/types\/page"}],"author":[{"embeddable":true,"href":"https:\/\/www.eperfil.pt\/fr\/wp-json\/wp\/v2\/users\/1"}],"replies":[{"embeddable":true,"href":"https:\/\/www.eperfil.pt\/fr\/wp-json\/wp\/v2\/comments?post=7059"}],"version-history":[{"count":10,"href":"https:\/\/www.eperfil.pt\/fr\/wp-json\/wp\/v2\/pages\/7059\/revisions"}],"predecessor-version":[{"id":13214,"href":"https:\/\/www.eperfil.pt\/fr\/wp-json\/wp\/v2\/pages\/7059\/revisions\/13214"}],"wp:attachment":[{"href":"https:\/\/www.eperfil.pt\/fr\/wp-json\/wp\/v2\/media?parent=7059"}],"curies":[{"name":"wp","href":"https:\/\/api.w.org\/{rel}","templated":true}]}}