{"id":7205,"date":"2020-07-02T05:13:55","date_gmt":"2020-07-02T05:13:55","guid":{"rendered":"https:\/\/www.eperfil.pt\/404-2\/"},"modified":"2023-12-05T14:20:30","modified_gmt":"2023-12-05T14:20:30","slug":"404-2","status":"publish","type":"page","link":"https:\/\/www.eperfil.pt\/en\/404-2\/","title":{"rendered":"404"},"content":{"rendered":"\t\t<div data-elementor-type=\"wp-page\" data-elementor-id=\"7205\" class=\"elementor elementor-7205 elementor-99\">\n\t\t\t\t\t\t<section class=\"elementor-section elementor-top-section elementor-element elementor-element-e399051 elementor-section-boxed elementor-section-height-default elementor-section-height-default\" data-id=\"e399051\" data-element_type=\"section\" data-e-type=\"section\" data-settings=\"{&quot;jet_parallax_layout_list&quot;:[{&quot;jet_parallax_layout_image&quot;:{&quot;url&quot;:&quot;&quot;,&quot;id&quot;:&quot;&quot;,&quot;size&quot;:&quot;&quot;},&quot;_id&quot;:&quot;7b4e992&quot;,&quot;jet_parallax_layout_speed&quot;:{&quot;unit&quot;:&quot;%&quot;,&quot;size&quot;:&quot;50&quot;,&quot;sizes&quot;:[]},&quot;jet_parallax_layout_bg_x&quot;:&quot;50&quot;,&quot;jet_parallax_layout_bg_y&quot;:&quot;50&quot;,&quot;jet_parallax_layout_image_tablet&quot;:{&quot;url&quot;:&quot;&quot;,&quot;id&quot;:&quot;&quot;,&quot;size&quot;:&quot;&quot;},&quot;jet_parallax_layout_image_mobile&quot;:{&quot;url&quot;:&quot;&quot;,&quot;id&quot;:&quot;&quot;,&quot;size&quot;:&quot;&quot;},&quot;jet_parallax_layout_type&quot;:&quot;scroll&quot;,&quot;jet_parallax_layout_direction&quot;:&quot;1&quot;,&quot;jet_parallax_layout_fx_direction&quot;:null,&quot;jet_parallax_layout_z_index&quot;:&quot;&quot;,&quot;jet_parallax_layout_bg_x_tablet&quot;:&quot;&quot;,&quot;jet_parallax_layout_bg_x_mobile&quot;:&quot;&quot;,&quot;jet_parallax_layout_bg_y_tablet&quot;:&quot;&quot;,&quot;jet_parallax_layout_bg_y_mobile&quot;:&quot;&quot;,&quot;jet_parallax_layout_bg_size&quot;:&quot;auto&quot;,&quot;jet_parallax_layout_bg_size_tablet&quot;:&quot;&quot;,&quot;jet_parallax_layout_bg_size_mobile&quot;:&quot;&quot;,&quot;jet_parallax_layout_animation_prop&quot;:&quot;transform&quot;,&quot;jet_parallax_layout_on&quot;:[&quot;desktop&quot;,&quot;tablet&quot;]}]}\">\n\t\t\t\t\t\t<div class=\"elementor-container elementor-column-gap-default\">\n\t\t\t\t\t<div class=\"elementor-column elementor-col-100 elementor-top-column elementor-element elementor-element-40ce6bb\" data-id=\"40ce6bb\" data-element_type=\"column\" data-e-type=\"column\">\n\t\t\t<div class=\"elementor-widget-wrap elementor-element-populated\">\n\t\t\t\t\t\t<div class=\"elementor-element elementor-element-81eb523 elementor-widget elementor-widget-heading\" data-id=\"81eb523\" data-element_type=\"widget\" data-e-type=\"widget\" data-widget_type=\"heading.default\">\n\t\t\t\t<div class=\"elementor-widget-container\">\n\t\t\t\t\t<h2 class=\"elementor-heading-title elementor-size-default\">404<\/h2>\t\t\t\t<\/div>\n\t\t\t\t<\/div>\n\t\t\t\t<div class=\"elementor-element elementor-element-5d3c2dd elementor-align-center elementor-mobile-align-center elementor-widget elementor-widget-raven-heading\" data-id=\"5d3c2dd\" data-element_type=\"widget\" data-e-type=\"widget\" data-widget_type=\"raven-heading.default\">\n\t\t\t\t<div class=\"elementor-widget-container\">\n\t\t\t\t\t\t\t<div class=\"raven-widget-wrapper\"><h1 class=\"raven-heading raven-heading-h1\"><span class=\"raven-heading-title \">Ohh! P\u00e1gina N\u00e3o Encontrada<\/span><\/h1><\/div>\n\t\t\t\t\t\t<\/div>\n\t\t\t\t<\/div>\n\t\t\t\t<div class=\"elementor-element elementor-element-ce9e07e elementor-widget elementor-widget-text-editor\" data-id=\"ce9e07e\" data-element_type=\"widget\" data-e-type=\"widget\" data-widget_type=\"text-editor.default\">\n\t\t\t\t<div class=\"elementor-widget-container\">\n\t\t\t\t\t\t\t\t\t<p>Lamentamos, mas a p\u00e1gina que procura n\u00e3o foi encontrada.<br>\nClique no bot\u00e3o abaixo para retornar \u00e0 p\u00e1gina principal.<\/p>\t\t\t\t\t\t\t\t<\/div>\n\t\t\t\t<\/div>\n\t\t\t\t<div class=\"elementor-element elementor-element-127ba10 elementor-align-center elementor-widget elementor-widget-raven-button\" data-id=\"127ba10\" data-element_type=\"widget\" data-e-type=\"widget\" data-settings=\"{&quot;turn_to_popup_action_button&quot;:&quot;no&quot;}\" data-widget_type=\"raven-button.default\">\n\t\t\t\t<div class=\"elementor-widget-container\">\n\t\t\t\t\t\t\t<div class=\"raven-widget-wrapper\">\n\t\t\t<a class=\"raven-button raven-button-widget-normal-effect-none  raven-button-text-align-center raven-button-link elementor-animation-none\" href=\"https:\/\/www.eperfil.pt\/\">\t\t\t\t<div class=\"raven-button-overlay\" ><\/div>\n\t\t\t\t<span class=\"raven-button-content\">\n\t\t\t\t\t\n\t\t\t\t\t<div class=\"button-text-container\">\n\t\t\t\t\t\t\t\t\t\t\t\t<div class=\"raven-button-texts-wrapper\">\n\t\t\t\t\t\t\t<div class=\"button-text\">\n\t\t\t\t\t\t\t\t<span class=\"raven-button-text\">\n\t\t\t\t\t\t\t\t\tVoltar\t\t\t\t\t\t\t\t<\/span>\n\t\t\t\t\t\t\t<\/div>\n\t\t\t\t\t\t\t\t\t\t\t\t\t<\/div>\n\t\t\t\t\t\t\t\t\t\t\t<\/div>\n\t\t\t\t\t\n\t\t\t\t\t\t\t\t\t<\/span>\n\t\t\t<\/a>\t\t<\/div>\n\t\t\t\t\t\t<\/div>\n\t\t\t\t<\/div>\n\t\t\t\t\t<\/div>\n\t\t<\/div>\n\t\t\t\t\t<\/div>\n\t\t<\/section>\n\t\t\t\t<section class=\"elementor-section elementor-top-section elementor-element elementor-element-70f1cff elementor-hidden-desktop elementor-hidden-tablet elementor-hidden-phone elementor-section-boxed elementor-section-height-default elementor-section-height-default\" data-id=\"70f1cff\" data-element_type=\"section\" data-e-type=\"section\" data-settings=\"{&quot;jet_parallax_layout_list&quot;:[{&quot;jet_parallax_layout_image&quot;:{&quot;url&quot;:&quot;&quot;,&quot;id&quot;:&quot;&quot;,&quot;size&quot;:&quot;&quot;},&quot;_id&quot;:&quot;72b9290&quot;,&quot;jet_parallax_layout_image_tablet&quot;:{&quot;url&quot;:&quot;&quot;,&quot;id&quot;:&quot;&quot;,&quot;size&quot;:&quot;&quot;},&quot;jet_parallax_layout_image_mobile&quot;:{&quot;url&quot;:&quot;&quot;,&quot;id&quot;:&quot;&quot;,&quot;size&quot;:&quot;&quot;},&quot;jet_parallax_layout_speed&quot;:{&quot;unit&quot;:&quot;%&quot;,&quot;size&quot;:50,&quot;sizes&quot;:[]},&quot;jet_parallax_layout_type&quot;:&quot;scroll&quot;,&quot;jet_parallax_layout_direction&quot;:&quot;1&quot;,&quot;jet_parallax_layout_fx_direction&quot;:null,&quot;jet_parallax_layout_z_index&quot;:&quot;&quot;,&quot;jet_parallax_layout_bg_x&quot;:50,&quot;jet_parallax_layout_bg_x_tablet&quot;:&quot;&quot;,&quot;jet_parallax_layout_bg_x_mobile&quot;:&quot;&quot;,&quot;jet_parallax_layout_bg_y&quot;:50,&quot;jet_parallax_layout_bg_y_tablet&quot;:&quot;&quot;,&quot;jet_parallax_layout_bg_y_mobile&quot;:&quot;&quot;,&quot;jet_parallax_layout_bg_size&quot;:&quot;auto&quot;,&quot;jet_parallax_layout_bg_size_tablet&quot;:&quot;&quot;,&quot;jet_parallax_layout_bg_size_mobile&quot;:&quot;&quot;,&quot;jet_parallax_layout_animation_prop&quot;:&quot;transform&quot;,&quot;jet_parallax_layout_on&quot;:[&quot;desktop&quot;,&quot;tablet&quot;]}]}\">\n\t\t\t\t\t\t<div class=\"elementor-container elementor-column-gap-default\">\n\t\t\t\t\t<div class=\"elementor-column elementor-col-100 elementor-top-column elementor-element elementor-element-465f4e8\" data-id=\"465f4e8\" data-element_type=\"column\" data-e-type=\"column\">\n\t\t\t<div class=\"elementor-widget-wrap elementor-element-populated\">\n\t\t\t\t\t\t<div class=\"elementor-element elementor-element-68f3eab elementor-widget elementor-widget-jet-map\" data-id=\"68f3eab\" data-element_type=\"widget\" data-e-type=\"widget\" data-widget_type=\"jet-map.default\">\n\t\t\t\t<div class=\"elementor-widget-container\">\n\t\t\t\t\t<div class=\"jet-map-message\"><div class=\"jet-map-message__dammy-map\"><\/div><span class=\"jet-map-message__text\">Coordinates of this location not found<\/span><\/div>\t\t\t\t<\/div>\n\t\t\t\t<\/div>\n\t\t\t\t\t<\/div>\n\t\t<\/div>\n\t\t\t\t\t<\/div>\n\t\t<\/section>\n\t\t\t\t<section class=\"elementor-section elementor-top-section elementor-element elementor-element-3e4c449 elementor-hidden-desktop elementor-hidden-tablet elementor-hidden-phone elementor-section-boxed elementor-section-height-default elementor-section-height-default\" data-id=\"3e4c449\" data-element_type=\"section\" data-e-type=\"section\" data-settings=\"{&quot;jet_parallax_layout_list&quot;:[{&quot;jet_parallax_layout_image&quot;:{&quot;url&quot;:&quot;&quot;,&quot;id&quot;:&quot;&quot;,&quot;size&quot;:&quot;&quot;},&quot;_id&quot;:&quot;bcb84a7&quot;,&quot;jet_parallax_layout_image_tablet&quot;:{&quot;url&quot;:&quot;&quot;,&quot;id&quot;:&quot;&quot;,&quot;size&quot;:&quot;&quot;},&quot;jet_parallax_layout_image_mobile&quot;:{&quot;url&quot;:&quot;&quot;,&quot;id&quot;:&quot;&quot;,&quot;size&quot;:&quot;&quot;},&quot;jet_parallax_layout_speed&quot;:{&quot;unit&quot;:&quot;%&quot;,&quot;size&quot;:50,&quot;sizes&quot;:[]},&quot;jet_parallax_layout_type&quot;:&quot;scroll&quot;,&quot;jet_parallax_layout_direction&quot;:&quot;1&quot;,&quot;jet_parallax_layout_fx_direction&quot;:null,&quot;jet_parallax_layout_z_index&quot;:&quot;&quot;,&quot;jet_parallax_layout_bg_x&quot;:50,&quot;jet_parallax_layout_bg_x_tablet&quot;:&quot;&quot;,&quot;jet_parallax_layout_bg_x_mobile&quot;:&quot;&quot;,&quot;jet_parallax_layout_bg_y&quot;:50,&quot;jet_parallax_layout_bg_y_tablet&quot;:&quot;&quot;,&quot;jet_parallax_layout_bg_y_mobile&quot;:&quot;&quot;,&quot;jet_parallax_layout_bg_size&quot;:&quot;auto&quot;,&quot;jet_parallax_layout_bg_size_tablet&quot;:&quot;&quot;,&quot;jet_parallax_layout_bg_size_mobile&quot;:&quot;&quot;,&quot;jet_parallax_layout_animation_prop&quot;:&quot;transform&quot;,&quot;jet_parallax_layout_on&quot;:[&quot;desktop&quot;,&quot;tablet&quot;]}]}\">\n\t\t\t\t\t\t<div class=\"elementor-container elementor-column-gap-default\">\n\t\t\t\t\t<div class=\"elementor-column elementor-col-100 elementor-top-column elementor-element elementor-element-47ea4f8\" data-id=\"47ea4f8\" data-element_type=\"column\" data-e-type=\"column\">\n\t\t\t<div class=\"elementor-widget-wrap elementor-element-populated\">\n\t\t\t\t\t\t<div class=\"elementor-element elementor-element-fdcf740 elementor-widget elementor-widget-jet-map\" data-id=\"fdcf740\" data-element_type=\"widget\" data-e-type=\"widget\" data-widget_type=\"jet-map.default\">\n\t\t\t\t<div class=\"elementor-widget-container\">\n\t\t\t\t\t<div class=\"jet-map\" data-init=\"{&quot;center&quot;:{&quot;lat&quot;:41.319342,&quot;lng&quot;:-8.7069287},&quot;zoom&quot;:11,&quot;scrollwheel&quot;:false,&quot;zoomControl&quot;:true,&quot;fullscreenControl&quot;:true,&quot;streetViewControl&quot;:true,&quot;mapTypeControl&quot;:true,&quot;pinsAutoClose&quot;:false}\" data-pins=\"[{&quot;address&quot;:&quot;London Eye, London, United Kingdom&quot;,&quot;position&quot;:{&quot;lat&quot;:41.319342,&quot;lng&quot;:-8.7069287},&quot;desc&quot;:&quot;London Eye, London, United Kingdom&quot;,&quot;state&quot;:&quot;visible&quot;}]\"><\/div>\t\t\t\t<\/div>\n\t\t\t\t<\/div>\n\t\t\t\t\t<\/div>\n\t\t<\/div>\n\t\t\t\t\t<\/div>\n\t\t<\/section>\n\t\t\t\t<\/div>\n\t\t","protected":false},"excerpt":{"rendered":"<p>404 Ohh! P\u00e1gina N\u00e3o Encontrada Lamentamos, mas a p\u00e1gina que procura n\u00e3o foi encontrada. Clique no bot\u00e3o abaixo para retornar \u00e0 p\u00e1gina principal. Voltar Coordinates of this location not found<\/p>\n","protected":false},"author":1,"featured_media":0,"parent":0,"menu_order":0,"comment_status":"closed","ping_status":"closed","template":"elementor_header_footer","meta":{"_acf_changed":false,"footnotes":""},"class_list":["post-7205","page","type-page","status-publish","hentry"],"acf":[],"yoast_head":"<!-- This site is optimized with the Yoast SEO plugin v27.5 - https:\/\/yoast.com\/product\/yoast-seo-wordpress\/ -->\n<title>E+Perfil - Sistemas Inteligentes em Alum\u00ednio<\/title>\n<meta name=\"description\" content=\"A E+Perfil faz a comercializa\u00e7\u00e3o e o tratamento de alum\u00ednios e dos componentes e acess\u00f3rios oferecendo aos profissionais ligados \u00e0 \u00e1rea de serralharia.\" \/>\n<meta name=\"robots\" content=\"index, follow, max-snippet:-1, max-image-preview:large, max-video-preview:-1\" \/>\n<link rel=\"canonical\" href=\"https:\/\/www.eperfil.pt\/en\/404-2\/\" \/>\n<meta property=\"og:locale\" content=\"en_US\" \/>\n<meta property=\"og:type\" content=\"article\" \/>\n<meta property=\"og:title\" content=\"E+Perfil - Sistemas Inteligentes em Alum\u00ednio\" \/>\n<meta property=\"og:description\" content=\"A E+Perfil faz a comercializa\u00e7\u00e3o e o tratamento de alum\u00ednios e dos componentes e acess\u00f3rios oferecendo aos profissionais ligados \u00e0 \u00e1rea de serralharia.\" \/>\n<meta property=\"og:url\" content=\"https:\/\/www.eperfil.pt\/en\/404-2\/\" \/>\n<meta property=\"og:site_name\" content=\"ePerfil\" \/>\n<meta property=\"article:modified_time\" content=\"2023-12-05T14:20:30+00:00\" \/>\n<meta property=\"og:image\" content=\"https:\/\/www.eperfil.pt\/wp-content\/uploads\/2021\/06\/Ophengraph.jpg\" \/>\n\t<meta property=\"og:image:width\" content=\"1200\" \/>\n\t<meta property=\"og:image:height\" content=\"630\" \/>\n\t<meta property=\"og:image:type\" content=\"image\/jpeg\" \/>\n<meta name=\"twitter:card\" content=\"summary_large_image\" \/>\n<meta name=\"twitter:label1\" content=\"Est. reading time\" \/>\n\t<meta name=\"twitter:data1\" content=\"1 minute\" \/>\n<script type=\"application\/ld+json\" class=\"yoast-schema-graph\">{\"@context\":\"https:\\\/\\\/schema.org\",\"@graph\":[{\"@type\":\"WebPage\",\"@id\":\"https:\\\/\\\/www.eperfil.pt\\\/en\\\/404-2\\\/\",\"url\":\"https:\\\/\\\/www.eperfil.pt\\\/en\\\/404-2\\\/\",\"name\":\"E+Perfil - Sistemas Inteligentes em Alum\u00ednio\",\"isPartOf\":{\"@id\":\"https:\\\/\\\/www.eperfil.pt\\\/#website\"},\"datePublished\":\"2020-07-02T05:13:55+00:00\",\"dateModified\":\"2023-12-05T14:20:30+00:00\",\"description\":\"A E+Perfil faz a comercializa\u00e7\u00e3o e o tratamento de alum\u00ednios e dos componentes e acess\u00f3rios oferecendo aos profissionais ligados \u00e0 \u00e1rea de serralharia.\",\"breadcrumb\":{\"@id\":\"https:\\\/\\\/www.eperfil.pt\\\/en\\\/404-2\\\/#breadcrumb\"},\"inLanguage\":\"en-US\",\"potentialAction\":[{\"@type\":\"ReadAction\",\"target\":[\"https:\\\/\\\/www.eperfil.pt\\\/en\\\/404-2\\\/\"]}]},{\"@type\":\"BreadcrumbList\",\"@id\":\"https:\\\/\\\/www.eperfil.pt\\\/en\\\/404-2\\\/#breadcrumb\",\"itemListElement\":[{\"@type\":\"ListItem\",\"position\":1,\"name\":\"In\u00edcio\",\"item\":\"https:\\\/\\\/www.eperfil.pt\\\/fr\\\/\"},{\"@type\":\"ListItem\",\"position\":2,\"name\":\"404\"}]},{\"@type\":\"WebSite\",\"@id\":\"https:\\\/\\\/www.eperfil.pt\\\/#website\",\"url\":\"https:\\\/\\\/www.eperfil.pt\\\/\",\"name\":\"ePerfil\",\"description\":\"Sistemas Inteligentes em Alum\u00ednio\",\"publisher\":{\"@id\":\"https:\\\/\\\/www.eperfil.pt\\\/#organization\"},\"potentialAction\":[{\"@type\":\"SearchAction\",\"target\":{\"@type\":\"EntryPoint\",\"urlTemplate\":\"https:\\\/\\\/www.eperfil.pt\\\/?s={search_term_string}\"},\"query-input\":{\"@type\":\"PropertyValueSpecification\",\"valueRequired\":true,\"valueName\":\"search_term_string\"}}],\"inLanguage\":\"en-US\"},{\"@type\":\"Organization\",\"@id\":\"https:\\\/\\\/www.eperfil.pt\\\/#organization\",\"name\":\"ePerfil\",\"url\":\"https:\\\/\\\/www.eperfil.pt\\\/\",\"logo\":{\"@type\":\"ImageObject\",\"inLanguage\":\"en-US\",\"@id\":\"https:\\\/\\\/www.eperfil.pt\\\/#\\\/schema\\\/logo\\\/image\\\/\",\"url\":\"https:\\\/\\\/www.eperfil.pt\\\/wp-content\\\/uploads\\\/2021\\\/05\\\/ePerfil_logo.svg\",\"contentUrl\":\"https:\\\/\\\/www.eperfil.pt\\\/wp-content\\\/uploads\\\/2021\\\/05\\\/ePerfil_logo.svg\",\"width\":256,\"height\":93,\"caption\":\"ePerfil\"},\"image\":{\"@id\":\"https:\\\/\\\/www.eperfil.pt\\\/#\\\/schema\\\/logo\\\/image\\\/\"}}]}<\/script>\n<!-- \/ Yoast SEO plugin. -->","yoast_head_json":{"title":"E+Perfil - Sistemas Inteligentes em Alum\u00ednio","description":"A E+Perfil faz a comercializa\u00e7\u00e3o e o tratamento de alum\u00ednios e dos componentes e acess\u00f3rios oferecendo aos profissionais ligados \u00e0 \u00e1rea de serralharia.","robots":{"index":"index","follow":"follow","max-snippet":"max-snippet:-1","max-image-preview":"max-image-preview:large","max-video-preview":"max-video-preview:-1"},"canonical":"https:\/\/www.eperfil.pt\/en\/404-2\/","og_locale":"en_US","og_type":"article","og_title":"E+Perfil - Sistemas Inteligentes em Alum\u00ednio","og_description":"A E+Perfil faz a comercializa\u00e7\u00e3o e o tratamento de alum\u00ednios e dos componentes e acess\u00f3rios oferecendo aos profissionais ligados \u00e0 \u00e1rea de serralharia.","og_url":"https:\/\/www.eperfil.pt\/en\/404-2\/","og_site_name":"ePerfil","article_modified_time":"2023-12-05T14:20:30+00:00","og_image":[{"width":1200,"height":630,"url":"https:\/\/www.eperfil.pt\/wp-content\/uploads\/2021\/06\/Ophengraph.jpg","type":"image\/jpeg"}],"twitter_card":"summary_large_image","twitter_misc":{"Est. reading time":"1 minute"},"schema":{"@context":"https:\/\/schema.org","@graph":[{"@type":"WebPage","@id":"https:\/\/www.eperfil.pt\/en\/404-2\/","url":"https:\/\/www.eperfil.pt\/en\/404-2\/","name":"E+Perfil - Sistemas Inteligentes em Alum\u00ednio","isPartOf":{"@id":"https:\/\/www.eperfil.pt\/#website"},"datePublished":"2020-07-02T05:13:55+00:00","dateModified":"2023-12-05T14:20:30+00:00","description":"A E+Perfil faz a comercializa\u00e7\u00e3o e o tratamento de alum\u00ednios e dos componentes e acess\u00f3rios oferecendo aos profissionais ligados \u00e0 \u00e1rea de serralharia.","breadcrumb":{"@id":"https:\/\/www.eperfil.pt\/en\/404-2\/#breadcrumb"},"inLanguage":"en-US","potentialAction":[{"@type":"ReadAction","target":["https:\/\/www.eperfil.pt\/en\/404-2\/"]}]},{"@type":"BreadcrumbList","@id":"https:\/\/www.eperfil.pt\/en\/404-2\/#breadcrumb","itemListElement":[{"@type":"ListItem","position":1,"name":"In\u00edcio","item":"https:\/\/www.eperfil.pt\/fr\/"},{"@type":"ListItem","position":2,"name":"404"}]},{"@type":"WebSite","@id":"https:\/\/www.eperfil.pt\/#website","url":"https:\/\/www.eperfil.pt\/","name":"ePerfil","description":"Sistemas Inteligentes em Alum\u00ednio","publisher":{"@id":"https:\/\/www.eperfil.pt\/#organization"},"potentialAction":[{"@type":"SearchAction","target":{"@type":"EntryPoint","urlTemplate":"https:\/\/www.eperfil.pt\/?s={search_term_string}"},"query-input":{"@type":"PropertyValueSpecification","valueRequired":true,"valueName":"search_term_string"}}],"inLanguage":"en-US"},{"@type":"Organization","@id":"https:\/\/www.eperfil.pt\/#organization","name":"ePerfil","url":"https:\/\/www.eperfil.pt\/","logo":{"@type":"ImageObject","inLanguage":"en-US","@id":"https:\/\/www.eperfil.pt\/#\/schema\/logo\/image\/","url":"https:\/\/www.eperfil.pt\/wp-content\/uploads\/2021\/05\/ePerfil_logo.svg","contentUrl":"https:\/\/www.eperfil.pt\/wp-content\/uploads\/2021\/05\/ePerfil_logo.svg","width":256,"height":93,"caption":"ePerfil"},"image":{"@id":"https:\/\/www.eperfil.pt\/#\/schema\/logo\/image\/"}}]}},"_links":{"self":[{"href":"https:\/\/www.eperfil.pt\/en\/wp-json\/wp\/v2\/pages\/7205","targetHints":{"allow":["GET"]}}],"collection":[{"href":"https:\/\/www.eperfil.pt\/en\/wp-json\/wp\/v2\/pages"}],"about":[{"href":"https:\/\/www.eperfil.pt\/en\/wp-json\/wp\/v2\/types\/page"}],"author":[{"embeddable":true,"href":"https:\/\/www.eperfil.pt\/en\/wp-json\/wp\/v2\/users\/1"}],"replies":[{"embeddable":true,"href":"https:\/\/www.eperfil.pt\/en\/wp-json\/wp\/v2\/comments?post=7205"}],"version-history":[{"count":4,"href":"https:\/\/www.eperfil.pt\/en\/wp-json\/wp\/v2\/pages\/7205\/revisions"}],"predecessor-version":[{"id":11385,"href":"https:\/\/www.eperfil.pt\/en\/wp-json\/wp\/v2\/pages\/7205\/revisions\/11385"}],"wp:attachment":[{"href":"https:\/\/www.eperfil.pt\/en\/wp-json\/wp\/v2\/media?parent=7205"}],"curies":[{"name":"wp","href":"https:\/\/api.w.org\/{rel}","templated":true}]}}