{"id":7138,"date":"2021-06-09T14:26:33","date_gmt":"2021-06-09T14:26:33","guid":{"rendered":"https:\/\/www.eperfil.pt\/sistema-de-incentivos-inovacao-produtiva\/"},"modified":"2023-12-05T14:39:56","modified_gmt":"2023-12-05T14:39:56","slug":"sistema-de-incentivos-inovacao-produtiva","status":"publish","type":"page","link":"https:\/\/www.eperfil.pt\/en\/sistema-de-incentivos-inovacao-produtiva\/","title":{"rendered":"Sistema de Incentivos &#8211; Inova\u00e7\u00e3o Produtiva"},"content":{"rendered":"\t\t<div data-elementor-type=\"wp-page\" data-elementor-id=\"7138\" class=\"elementor elementor-7138 elementor-2172\">\n\t\t\t\t\t\t<section class=\"elementor-section elementor-top-section elementor-element elementor-element-44930c1 elementor-section-boxed elementor-section-height-default elementor-section-height-default\" data-id=\"44930c1\" data-element_type=\"section\" data-e-type=\"section\" data-settings=\"{&quot;jet_parallax_layout_list&quot;:[{&quot;jet_parallax_layout_image&quot;:{&quot;url&quot;:&quot;&quot;,&quot;id&quot;:&quot;&quot;,&quot;size&quot;:&quot;&quot;},&quot;_id&quot;:&quot;8797108&quot;,&quot;jet_parallax_layout_image_tablet&quot;:{&quot;url&quot;:&quot;&quot;,&quot;id&quot;:&quot;&quot;,&quot;size&quot;:&quot;&quot;},&quot;jet_parallax_layout_image_mobile&quot;:{&quot;url&quot;:&quot;&quot;,&quot;id&quot;:&quot;&quot;,&quot;size&quot;:&quot;&quot;},&quot;jet_parallax_layout_speed&quot;:{&quot;unit&quot;:&quot;%&quot;,&quot;size&quot;:50,&quot;sizes&quot;:[]},&quot;jet_parallax_layout_type&quot;:&quot;scroll&quot;,&quot;jet_parallax_layout_direction&quot;:&quot;1&quot;,&quot;jet_parallax_layout_fx_direction&quot;:null,&quot;jet_parallax_layout_z_index&quot;:&quot;&quot;,&quot;jet_parallax_layout_bg_x&quot;:50,&quot;jet_parallax_layout_bg_x_tablet&quot;:&quot;&quot;,&quot;jet_parallax_layout_bg_x_mobile&quot;:&quot;&quot;,&quot;jet_parallax_layout_bg_y&quot;:50,&quot;jet_parallax_layout_bg_y_tablet&quot;:&quot;&quot;,&quot;jet_parallax_layout_bg_y_mobile&quot;:&quot;&quot;,&quot;jet_parallax_layout_bg_size&quot;:&quot;auto&quot;,&quot;jet_parallax_layout_bg_size_tablet&quot;:&quot;&quot;,&quot;jet_parallax_layout_bg_size_mobile&quot;:&quot;&quot;,&quot;jet_parallax_layout_animation_prop&quot;:&quot;transform&quot;,&quot;jet_parallax_layout_on&quot;:[&quot;desktop&quot;,&quot;tablet&quot;]}]}\">\n\t\t\t\t\t\t<div class=\"elementor-container elementor-column-gap-default\">\n\t\t\t\t\t<div class=\"elementor-column elementor-col-100 elementor-top-column elementor-element elementor-element-1cb6adb\" data-id=\"1cb6adb\" data-element_type=\"column\" data-e-type=\"column\">\n\t\t\t<div class=\"elementor-widget-wrap elementor-element-populated\">\n\t\t\t\t\t\t<div class=\"elementor-element elementor-element-7a686bc elementor-align-left elementor-widget elementor-widget-raven-breadcrumbs\" data-id=\"7a686bc\" data-element_type=\"widget\" data-e-type=\"widget\" data-widget_type=\"raven-breadcrumbs.default\">\n\t\t\t\t<div class=\"elementor-widget-container\">\n\t\t\t\t\t<div class=\"raven-breadcrumbs raven-breadcrumbs-default\"><div class=\"breadcrumb\">\t\t\t\t<div class=\"breadcrumb-item active\" aria-current=\"page\"><span>Home<\/span><\/div>\n\n\t\t\t\t<\/div><\/div>\t\t\t\t<\/div>\n\t\t\t\t<\/div>\n\t\t\t\t\t<\/div>\n\t\t<\/div>\n\t\t\t\t\t<\/div>\n\t\t<\/section>\n\t\t\t\t<section class=\"elementor-section elementor-top-section elementor-element elementor-element-0cd2b0f elementor-section-boxed elementor-section-height-default elementor-section-height-default\" data-id=\"0cd2b0f\" data-element_type=\"section\" data-e-type=\"section\" data-settings=\"{&quot;jet_parallax_layout_list&quot;:[{&quot;jet_parallax_layout_image&quot;:{&quot;url&quot;:&quot;&quot;,&quot;id&quot;:&quot;&quot;,&quot;size&quot;:&quot;&quot;},&quot;_id&quot;:&quot;bf79e06&quot;,&quot;jet_parallax_layout_speed&quot;:{&quot;unit&quot;:&quot;%&quot;,&quot;size&quot;:&quot;50&quot;,&quot;sizes&quot;:[]},&quot;jet_parallax_layout_bg_x&quot;:&quot;50&quot;,&quot;jet_parallax_layout_bg_y&quot;:&quot;50&quot;,&quot;jet_parallax_layout_image_tablet&quot;:{&quot;url&quot;:&quot;&quot;,&quot;id&quot;:&quot;&quot;,&quot;size&quot;:&quot;&quot;},&quot;jet_parallax_layout_image_mobile&quot;:{&quot;url&quot;:&quot;&quot;,&quot;id&quot;:&quot;&quot;,&quot;size&quot;:&quot;&quot;},&quot;jet_parallax_layout_type&quot;:&quot;scroll&quot;,&quot;jet_parallax_layout_direction&quot;:&quot;1&quot;,&quot;jet_parallax_layout_fx_direction&quot;:null,&quot;jet_parallax_layout_z_index&quot;:&quot;&quot;,&quot;jet_parallax_layout_bg_x_tablet&quot;:&quot;&quot;,&quot;jet_parallax_layout_bg_x_mobile&quot;:&quot;&quot;,&quot;jet_parallax_layout_bg_y_tablet&quot;:&quot;&quot;,&quot;jet_parallax_layout_bg_y_mobile&quot;:&quot;&quot;,&quot;jet_parallax_layout_bg_size&quot;:&quot;auto&quot;,&quot;jet_parallax_layout_bg_size_tablet&quot;:&quot;&quot;,&quot;jet_parallax_layout_bg_size_mobile&quot;:&quot;&quot;,&quot;jet_parallax_layout_animation_prop&quot;:&quot;transform&quot;,&quot;jet_parallax_layout_on&quot;:[&quot;desktop&quot;,&quot;tablet&quot;]}]}\">\n\t\t\t\t\t\t<div class=\"elementor-container elementor-column-gap-default\">\n\t\t\t\t\t<div class=\"elementor-column elementor-col-100 elementor-top-column elementor-element elementor-element-08326f7\" data-id=\"08326f7\" data-element_type=\"column\" data-e-type=\"column\">\n\t\t\t<div class=\"elementor-widget-wrap elementor-element-populated\">\n\t\t\t\t\t\t<div class=\"elementor-element elementor-element-01f1982 elementor-widget elementor-widget-heading\" data-id=\"01f1982\" data-element_type=\"widget\" data-e-type=\"widget\" data-widget_type=\"heading.default\">\n\t\t\t\t<div class=\"elementor-widget-container\">\n\t\t\t\t\t<h1 class=\"elementor-heading-title elementor-size-default\">Sistema de Incentivos - Inova\u00e7\u00e3o Produtiva<\/h1>\t\t\t\t<\/div>\n\t\t\t\t<\/div>\n\t\t\t\t<div class=\"elementor-element elementor-element-2ecc5ff elementor-widget elementor-widget-text-editor\" data-id=\"2ecc5ff\" data-element_type=\"widget\" data-e-type=\"widget\" data-widget_type=\"text-editor.default\">\n\t\t\t\t<div class=\"elementor-widget-container\">\n\t\t\t\t\t\t\t\t\t<p><\/p>\n<p><strong>Designa\u00e7\u00e3o:<\/strong> Novas Solu\u00e7\u00f5es E+ Perfil<\/p>\n<p><strong>C\u00f3digo do Projeto:<\/strong> NORTE-02-0853-FEDER-047536<\/p>\n<p><strong>Objetivo Principal:<\/strong> Refor\u00e7ar a Competitividade das PME<\/p>\n<p><strong>Regi\u00e3o de Interven\u00e7\u00e3o:<\/strong> Norte<\/p>\n<p><strong>Entidade Benefici\u00e1ria:<\/strong> E+PERFIL LDA<\/p>\n<p><strong>Data de Aprova\u00e7\u00e3o:<\/strong> 28\/01\/2021<\/p>\n<p><strong> Data de In\u00edcio:<\/strong> 27\/05\/2019<\/p>\n<p><strong>Data de Conclus\u00e3o:<\/strong> 26\/05\/2021<\/p>\n<p><strong>Custo Total Eleg\u00edvel:<\/strong> 477.659,15 \u20ac<\/p>\n<p><strong>Apoio Financeiro da Uni\u00e3o Europeia:<\/strong><br>FEDER &#8211; 181.181,06 \u20ac<\/p>\n<p><strong>Objetivos, Atividades e Resultados Esperados:<\/strong><br>Visa capacitar e qualificar a empresa para um desempenho superior. O projeto incorpora elementos potenciadores de diferencial competitivo, refor\u00e7o e consolida\u00e7\u00e3o da sua posi\u00e7\u00e3o no mercado atrav\u00e9s da conquista de clientes e aumento do volume de neg\u00f3cios.O projeto permitir\u00e1 aumentar a capacidade produtiva &#8211; apostando na introdu\u00e7\u00e3o de novas solu\u00e7\u00f5es de perfis de alum\u00ednio e na automatiza\u00e7\u00e3o de processos que em sintonia com novas aptid\u00f5es de marketing e qualifica\u00e7\u00e3o da empresa em diversas \u00e1reas, permitir\u00e3o aumentar a capacidade de resposta e a competitividade face aos seus concorrentes, alargar a sua presen\u00e7a na cadeia valor pela produ\u00e7\u00e3o de novas solu\u00e7\u00f5es e pelo dom\u00ednio da \u00e1rea criativa e de desenvolvimento.<\/p>\n<p><strong>Taxa de Execu\u00e7\u00e3o:<\/strong>&nbsp;100%<\/p>\n<p><strong>Localiza\u00e7\u00e3o:<\/strong> Vila do Conde<\/p>\t\t\t\t\t\t\t\t<\/div>\n\t\t\t\t<\/div>\n\t\t\t\t\t<\/div>\n\t\t<\/div>\n\t\t\t\t\t<\/div>\n\t\t<\/section>\n\t\t\t\t<\/div>\n\t\t","protected":false},"excerpt":{"rendered":"<p>Home Sistema de Incentivos &#8211; Inova\u00e7\u00e3o Produtiva Designa\u00e7\u00e3o: Novas Solu\u00e7\u00f5es E+ Perfil C\u00f3digo do Projeto: NORTE-02-0853-FEDER-047536 Objetivo Principal: Refor\u00e7ar a Competitividade das PME Regi\u00e3o de Interven\u00e7\u00e3o: Norte Entidade Benefici\u00e1ria: E+PERFIL LDA Data de Aprova\u00e7\u00e3o: 28\/01\/2021 Data de In\u00edcio: 27\/05\/2019 Data de Conclus\u00e3o: 26\/05\/2021 Custo Total Eleg\u00edvel: 477.659,15 \u20ac Apoio Financeiro da Uni\u00e3o Europeia: FEDER &#8211; [&hellip;]<\/p>\n","protected":false},"author":1,"featured_media":0,"parent":0,"menu_order":0,"comment_status":"closed","ping_status":"closed","template":"elementor_header_footer","meta":{"_acf_changed":false,"footnotes":""},"class_list":["post-7138","page","type-page","status-publish","hentry"],"acf":[],"yoast_head":"<!-- This site is optimized with the Yoast SEO plugin v27.4 - https:\/\/yoast.com\/product\/yoast-seo-wordpress\/ -->\n<title>E+Perfil - Sistemas Inteligentes em Alum\u00ednio<\/title>\n<meta name=\"description\" content=\"A E+Perfil faz a comercializa\u00e7\u00e3o e o tratamento de alum\u00ednios e dos componentes e acess\u00f3rios oferecendo aos profissionais ligados \u00e0 \u00e1rea de serralharia.\" \/>\n<meta name=\"robots\" content=\"index, follow, max-snippet:-1, max-image-preview:large, max-video-preview:-1\" \/>\n<link rel=\"canonical\" href=\"https:\/\/www.eperfil.pt\/en\/sistema-de-incentivos-inovacao-produtiva\/\" \/>\n<meta property=\"og:locale\" content=\"en_US\" \/>\n<meta property=\"og:type\" content=\"article\" \/>\n<meta property=\"og:title\" content=\"E+Perfil - Sistemas Inteligentes em Alum\u00ednio\" \/>\n<meta property=\"og:description\" content=\"A E+Perfil faz a comercializa\u00e7\u00e3o e o tratamento de alum\u00ednios e dos componentes e acess\u00f3rios oferecendo aos profissionais ligados \u00e0 \u00e1rea de serralharia.\" \/>\n<meta property=\"og:url\" content=\"https:\/\/www.eperfil.pt\/en\/sistema-de-incentivos-inovacao-produtiva\/\" \/>\n<meta property=\"og:site_name\" content=\"ePerfil\" \/>\n<meta property=\"article:modified_time\" content=\"2023-12-05T14:39:56+00:00\" \/>\n<meta property=\"og:image\" content=\"https:\/\/www.eperfil.pt\/wp-content\/uploads\/2021\/06\/Ophengraph.jpg\" \/>\n\t<meta property=\"og:image:width\" content=\"1200\" \/>\n\t<meta property=\"og:image:height\" content=\"630\" \/>\n\t<meta property=\"og:image:type\" content=\"image\/jpeg\" \/>\n<meta name=\"twitter:card\" content=\"summary_large_image\" \/>\n<meta name=\"twitter:label1\" content=\"Est. reading time\" \/>\n\t<meta name=\"twitter:data1\" content=\"1 minute\" \/>\n<script type=\"application\/ld+json\" class=\"yoast-schema-graph\">{\"@context\":\"https:\\\/\\\/schema.org\",\"@graph\":[{\"@type\":\"WebPage\",\"@id\":\"https:\\\/\\\/www.eperfil.pt\\\/en\\\/sistema-de-incentivos-inovacao-produtiva\\\/\",\"url\":\"https:\\\/\\\/www.eperfil.pt\\\/en\\\/sistema-de-incentivos-inovacao-produtiva\\\/\",\"name\":\"E+Perfil - Sistemas Inteligentes em Alum\u00ednio\",\"isPartOf\":{\"@id\":\"https:\\\/\\\/www.eperfil.pt\\\/#website\"},\"datePublished\":\"2021-06-09T14:26:33+00:00\",\"dateModified\":\"2023-12-05T14:39:56+00:00\",\"description\":\"A E+Perfil faz a comercializa\u00e7\u00e3o e o tratamento de alum\u00ednios e dos componentes e acess\u00f3rios oferecendo aos profissionais ligados \u00e0 \u00e1rea de serralharia.\",\"breadcrumb\":{\"@id\":\"https:\\\/\\\/www.eperfil.pt\\\/en\\\/sistema-de-incentivos-inovacao-produtiva\\\/#breadcrumb\"},\"inLanguage\":\"en-US\",\"potentialAction\":[{\"@type\":\"ReadAction\",\"target\":[\"https:\\\/\\\/www.eperfil.pt\\\/en\\\/sistema-de-incentivos-inovacao-produtiva\\\/\"]}]},{\"@type\":\"BreadcrumbList\",\"@id\":\"https:\\\/\\\/www.eperfil.pt\\\/en\\\/sistema-de-incentivos-inovacao-produtiva\\\/#breadcrumb\",\"itemListElement\":[{\"@type\":\"ListItem\",\"position\":1,\"name\":\"In\u00edcio\",\"item\":\"https:\\\/\\\/www.eperfil.pt\\\/fr\\\/\"},{\"@type\":\"ListItem\",\"position\":2,\"name\":\"Sistema de Incentivos &#8211; Inova\u00e7\u00e3o Produtiva\"}]},{\"@type\":\"WebSite\",\"@id\":\"https:\\\/\\\/www.eperfil.pt\\\/#website\",\"url\":\"https:\\\/\\\/www.eperfil.pt\\\/\",\"name\":\"ePerfil\",\"description\":\"Sistemas Inteligentes em Alum\u00ednio\",\"publisher\":{\"@id\":\"https:\\\/\\\/www.eperfil.pt\\\/#organization\"},\"potentialAction\":[{\"@type\":\"SearchAction\",\"target\":{\"@type\":\"EntryPoint\",\"urlTemplate\":\"https:\\\/\\\/www.eperfil.pt\\\/?s={search_term_string}\"},\"query-input\":{\"@type\":\"PropertyValueSpecification\",\"valueRequired\":true,\"valueName\":\"search_term_string\"}}],\"inLanguage\":\"en-US\"},{\"@type\":\"Organization\",\"@id\":\"https:\\\/\\\/www.eperfil.pt\\\/#organization\",\"name\":\"ePerfil\",\"url\":\"https:\\\/\\\/www.eperfil.pt\\\/\",\"logo\":{\"@type\":\"ImageObject\",\"inLanguage\":\"en-US\",\"@id\":\"https:\\\/\\\/www.eperfil.pt\\\/#\\\/schema\\\/logo\\\/image\\\/\",\"url\":\"https:\\\/\\\/www.eperfil.pt\\\/wp-content\\\/uploads\\\/2021\\\/05\\\/ePerfil_logo.svg\",\"contentUrl\":\"https:\\\/\\\/www.eperfil.pt\\\/wp-content\\\/uploads\\\/2021\\\/05\\\/ePerfil_logo.svg\",\"width\":256,\"height\":93,\"caption\":\"ePerfil\"},\"image\":{\"@id\":\"https:\\\/\\\/www.eperfil.pt\\\/#\\\/schema\\\/logo\\\/image\\\/\"}}]}<\/script>\n<!-- \/ Yoast SEO plugin. -->","yoast_head_json":{"title":"E+Perfil - Sistemas Inteligentes em Alum\u00ednio","description":"A E+Perfil faz a comercializa\u00e7\u00e3o e o tratamento de alum\u00ednios e dos componentes e acess\u00f3rios oferecendo aos profissionais ligados \u00e0 \u00e1rea de serralharia.","robots":{"index":"index","follow":"follow","max-snippet":"max-snippet:-1","max-image-preview":"max-image-preview:large","max-video-preview":"max-video-preview:-1"},"canonical":"https:\/\/www.eperfil.pt\/en\/sistema-de-incentivos-inovacao-produtiva\/","og_locale":"en_US","og_type":"article","og_title":"E+Perfil - Sistemas Inteligentes em Alum\u00ednio","og_description":"A E+Perfil faz a comercializa\u00e7\u00e3o e o tratamento de alum\u00ednios e dos componentes e acess\u00f3rios oferecendo aos profissionais ligados \u00e0 \u00e1rea de serralharia.","og_url":"https:\/\/www.eperfil.pt\/en\/sistema-de-incentivos-inovacao-produtiva\/","og_site_name":"ePerfil","article_modified_time":"2023-12-05T14:39:56+00:00","og_image":[{"width":1200,"height":630,"url":"https:\/\/www.eperfil.pt\/wp-content\/uploads\/2021\/06\/Ophengraph.jpg","type":"image\/jpeg"}],"twitter_card":"summary_large_image","twitter_misc":{"Est. reading time":"1 minute"},"schema":{"@context":"https:\/\/schema.org","@graph":[{"@type":"WebPage","@id":"https:\/\/www.eperfil.pt\/en\/sistema-de-incentivos-inovacao-produtiva\/","url":"https:\/\/www.eperfil.pt\/en\/sistema-de-incentivos-inovacao-produtiva\/","name":"E+Perfil - Sistemas Inteligentes em Alum\u00ednio","isPartOf":{"@id":"https:\/\/www.eperfil.pt\/#website"},"datePublished":"2021-06-09T14:26:33+00:00","dateModified":"2023-12-05T14:39:56+00:00","description":"A E+Perfil faz a comercializa\u00e7\u00e3o e o tratamento de alum\u00ednios e dos componentes e acess\u00f3rios oferecendo aos profissionais ligados \u00e0 \u00e1rea de serralharia.","breadcrumb":{"@id":"https:\/\/www.eperfil.pt\/en\/sistema-de-incentivos-inovacao-produtiva\/#breadcrumb"},"inLanguage":"en-US","potentialAction":[{"@type":"ReadAction","target":["https:\/\/www.eperfil.pt\/en\/sistema-de-incentivos-inovacao-produtiva\/"]}]},{"@type":"BreadcrumbList","@id":"https:\/\/www.eperfil.pt\/en\/sistema-de-incentivos-inovacao-produtiva\/#breadcrumb","itemListElement":[{"@type":"ListItem","position":1,"name":"In\u00edcio","item":"https:\/\/www.eperfil.pt\/fr\/"},{"@type":"ListItem","position":2,"name":"Sistema de Incentivos &#8211; Inova\u00e7\u00e3o Produtiva"}]},{"@type":"WebSite","@id":"https:\/\/www.eperfil.pt\/#website","url":"https:\/\/www.eperfil.pt\/","name":"ePerfil","description":"Sistemas Inteligentes em Alum\u00ednio","publisher":{"@id":"https:\/\/www.eperfil.pt\/#organization"},"potentialAction":[{"@type":"SearchAction","target":{"@type":"EntryPoint","urlTemplate":"https:\/\/www.eperfil.pt\/?s={search_term_string}"},"query-input":{"@type":"PropertyValueSpecification","valueRequired":true,"valueName":"search_term_string"}}],"inLanguage":"en-US"},{"@type":"Organization","@id":"https:\/\/www.eperfil.pt\/#organization","name":"ePerfil","url":"https:\/\/www.eperfil.pt\/","logo":{"@type":"ImageObject","inLanguage":"en-US","@id":"https:\/\/www.eperfil.pt\/#\/schema\/logo\/image\/","url":"https:\/\/www.eperfil.pt\/wp-content\/uploads\/2021\/05\/ePerfil_logo.svg","contentUrl":"https:\/\/www.eperfil.pt\/wp-content\/uploads\/2021\/05\/ePerfil_logo.svg","width":256,"height":93,"caption":"ePerfil"},"image":{"@id":"https:\/\/www.eperfil.pt\/#\/schema\/logo\/image\/"}}]}},"_links":{"self":[{"href":"https:\/\/www.eperfil.pt\/en\/wp-json\/wp\/v2\/pages\/7138","targetHints":{"allow":["GET"]}}],"collection":[{"href":"https:\/\/www.eperfil.pt\/en\/wp-json\/wp\/v2\/pages"}],"about":[{"href":"https:\/\/www.eperfil.pt\/en\/wp-json\/wp\/v2\/types\/page"}],"author":[{"embeddable":true,"href":"https:\/\/www.eperfil.pt\/en\/wp-json\/wp\/v2\/users\/1"}],"replies":[{"embeddable":true,"href":"https:\/\/www.eperfil.pt\/en\/wp-json\/wp\/v2\/comments?post=7138"}],"version-history":[{"count":8,"href":"https:\/\/www.eperfil.pt\/en\/wp-json\/wp\/v2\/pages\/7138\/revisions"}],"predecessor-version":[{"id":11401,"href":"https:\/\/www.eperfil.pt\/en\/wp-json\/wp\/v2\/pages\/7138\/revisions\/11401"}],"wp:attachment":[{"href":"https:\/\/www.eperfil.pt\/en\/wp-json\/wp\/v2\/media?parent=7138"}],"curies":[{"name":"wp","href":"https:\/\/api.w.org\/{rel}","templated":true}]}}